{"id":217,"date":"2024-02-05T23:46:45","date_gmt":"2024-02-05T23:46:45","guid":{"rendered":"https:\/\/vetcorcolombia.com\/?page_id=217"},"modified":"2025-03-18T01:08:54","modified_gmt":"2025-03-18T01:08:54","slug":"en-manos-de-quien-pondremos-los-corazones-de-nuestras-mascotas","status":"publish","type":"page","link":"https:\/\/vetcorcolombia.com\/index.php\/en-manos-de-quien-pondremos-los-corazones-de-nuestras-mascotas\/","title":{"rendered":"Cuidamos Corazones: Conoce a Nuestros Doctores"},"content":{"rendered":"\n<div class=\"wp-block-group alignwide is-layout-constrained wp-block-group-is-layout-constrained\">\n<div class=\"wp-block-media-text alignfull has-media-on-the-right is-stacked-on-mobile is-vertically-aligned-center has-tertiary-background-color has-background\" style=\"grid-template-columns:auto 35%\"><div class=\"wp-block-media-text__content\">\n<h3 class=\"wp-block-heading\"><strong>\u00bfEn manos de qui\u00e9n pondremos los corazones de nuestras mascotas?<\/strong> \u2764\ufe0f<\/h3>\n\n\n\n<p>La salud cardiovascular de nuestros compa\u00f1eros de vida merece la mejor atenci\u00f3n.<\/p>\n\n\n\n<p>El <strong>Dr. Pedro Vargas<\/strong>, m\u00e9dico veterinario egresado de la <strong>Universidad Nacional de Colombia<\/strong>, es un especialista apasionado por la <strong>cardiolog\u00eda veterinaria<\/strong>. En 2007 inici\u00f3 sus estudios de <strong>Maestr\u00eda y Doctorado (Ph.D.) en The Ohio State University<\/strong>, donde profundiz\u00f3 en la investigaci\u00f3n y el tratamiento de enfermedades cardiovasculares en animales. Su trabajo se ha centrado en salvar vidas, mejorar la calidad de vida de sus pacientes y desarrollar alternativas terap\u00e9uticas innovadoras.<\/p>\n\n\n\n<h5 class=\"wp-block-heading\"><strong>Un referente en cardiolog\u00eda veterinaria<\/strong><\/h5>\n\n\n\n<p>Con una destacada trayectoria en investigaci\u00f3n y docencia, el Dr. Vargas ha sido <strong>profesor titular en la Universidad de La Salle<\/strong> (2012-2022) y ha trabajado en <strong>QTest Labs (EE.UU.)<\/strong> (2009-2012). Actualmente, es <strong>CEO de VetCor Colombia<\/strong>, un centro especializado en <strong>diagn\u00f3stico, prevenci\u00f3n y tratamiento de enfermedades cardiovasculares en mascotas<\/strong>.<\/p>\n\n\n\n<h5 class=\"wp-block-heading\"><strong>Un cient\u00edfico al servicio de la salud animal<\/strong><\/h5>\n\n\n\n<p>El Dr. Vargas cuenta con m\u00e1s de <strong>59 publicaciones cient\u00edficas<\/strong> y su investigaci\u00f3n ha sido ampliamente citada en el \u00e1mbito de la fisiolog\u00eda y farmacolog\u00eda cardiovascular. Su trabajo ha abordado temas clave como la <strong>enfermedad valvular degenerativa canina<\/strong> y la <strong>variabilidad de la frecuencia card\u00edaca en perros<\/strong>, posicion\u00e1ndolo como un experto en su campo.<\/p>\n\n\n\n<h5 class=\"wp-block-heading\"><strong>Cuidado especializado para el coraz\u00f3n de tu mascota<\/strong><\/h5>\n\n\n\n<p>Si buscas un especialista con <strong>experiencia, conocimiento y vocaci\u00f3n<\/strong>, el Dr. Pedro Vargas y su equipo est\u00e1n aqu\u00ed para brindarle a tu mascota una atenci\u00f3n <strong>profesional, basada en la ciencia y con un enfoque compasivo<\/strong>.<\/p>\n\n\n\n<div class=\"wp-block-buttons is-layout-flex wp-block-buttons-is-layout-flex\">\n<div class=\"wp-block-button aligncenter\"><a class=\"wp-block-button__link has-vivid-cyan-blue-background-color has-background wp-element-button\" href=\"https:\/\/www.researchgate.net\/profile\/Pedro-Vargas-Pinto\">Mira su hoja de vida<\/a><\/div>\n<\/div>\n\n\n\n<div style=\"height:35px\" aria-hidden=\"true\" class=\"wp-block-spacer\"><\/div>\n<\/div><figure class=\"wp-block-media-text__media\"><img loading=\"lazy\" decoding=\"async\" width=\"1024\" height=\"968\" src=\"https:\/\/vetcorcolombia.com\/wp-content\/uploads\/2024\/02\/Screenshot_20240129_151710_Instagram-1024x968.jpg\" alt=\"Veterinario Cardi\u00f3logo atendiendo pacientes felinos\" class=\"wp-image-209 size-full\" srcset=\"https:\/\/vetcorcolombia.com\/wp-content\/uploads\/2024\/02\/Screenshot_20240129_151710_Instagram-1024x968.jpg 1024w, https:\/\/vetcorcolombia.com\/wp-content\/uploads\/2024\/02\/Screenshot_20240129_151710_Instagram-300x284.jpg 300w, https:\/\/vetcorcolombia.com\/wp-content\/uploads\/2024\/02\/Screenshot_20240129_151710_Instagram-768x726.jpg 768w, https:\/\/vetcorcolombia.com\/wp-content\/uploads\/2024\/02\/Screenshot_20240129_151710_Instagram.jpg 1080w\" sizes=\"(max-width: 1024px) 100vw, 1024px\" \/><\/figure><\/div>\n<\/div>\n\n\n\n<div class=\"wp-block-media-text alignwide is-stacked-on-mobile\" style=\"grid-template-columns:43% auto\"><figure class=\"wp-block-media-text__media\"><img loading=\"lazy\" decoding=\"async\" width=\"768\" height=\"1024\" src=\"https:\/\/vetcorcolombia.com\/wp-content\/uploads\/2025\/03\/Dra.Adriana_Pedraza-768x1024.jpeg\" alt=\"\" class=\"wp-image-390 size-full\" srcset=\"https:\/\/vetcorcolombia.com\/wp-content\/uploads\/2025\/03\/Dra.Adriana_Pedraza-768x1024.jpeg 768w, https:\/\/vetcorcolombia.com\/wp-content\/uploads\/2025\/03\/Dra.Adriana_Pedraza-225x300.jpeg 225w, https:\/\/vetcorcolombia.com\/wp-content\/uploads\/2025\/03\/Dra.Adriana_Pedraza-1152x1536.jpeg 1152w, https:\/\/vetcorcolombia.com\/wp-content\/uploads\/2025\/03\/Dra.Adriana_Pedraza.jpeg 1200w\" sizes=\"(max-width: 768px) 100vw, 768px\" \/><\/figure><div class=\"wp-block-media-text__content\">\n<h4 class=\"wp-block-heading\"><strong>Dra. Adriana Mar\u00eda Pedraza Toscano<\/strong><\/h4>\n\n\n\n<p><strong>M\u00e9dico Veterinaria | Especialista en Fisiolog\u00eda y Farmacolog\u00eda Cardiovascular<\/strong><\/p>\n\n\n\n<p>La Dra. Adriana Mar\u00eda Pedraza Toscano es una destacada m\u00e9dico veterinaria con m\u00e1s de 20 a\u00f1os de experiencia en el cuidado y bienestar animal. Se gradu\u00f3 en 2002 de la <strong>Universidad Nacional de Colombia<\/strong>, una de las instituciones m\u00e1s prestigiosas del pa\u00eds en el campo de la medicina veterinaria.<\/p>\n\n\n\n<p>Su pasi\u00f3n por la fisiolog\u00eda y farmacolog\u00eda cardiovascular la llev\u00f3 a continuar su formaci\u00f3n acad\u00e9mica en los Estados Unidos. En 2006 obtuvo su <strong>Maestr\u00eda en Fisiolog\u00eda y Farmacolog\u00eda Cardiovascular<\/strong> en <strong>Ohio State University (College of Veterinary Medicine)<\/strong>, donde posteriormente alcanz\u00f3 el grado de <strong>Doctora (Ph.D.) en 2012<\/strong> en la misma especialidad.<\/p>\n\n\n\n<p>Gracias a su s\u00f3lida formaci\u00f3n y experiencia, la Dra. Pedraza Toscano ofrece atenci\u00f3n m\u00e9dica veterinaria de alta calidad, combinando conocimiento cient\u00edfico de vanguardia con un enfoque \u00e9tico y compasivo. Su compromiso con la salud animal y su trayectoria acad\u00e9mica la convierten en una referente en el \u00e1rea de la fisiolog\u00eda y farmacolog\u00eda cardiovascular veterinaria.<\/p>\n\n\n\n<p>Si buscas atenci\u00f3n veterinaria especializada, la Dra. Adriana Mar\u00eda Pedraza Toscano y su equipo est\u00e1n listos para brindarle a tu mascota el mejor cuidado.<\/p>\n\n\n\n<p><\/p>\n\n\n\n<div class=\"wp-block-buttons is-layout-flex wp-block-buttons-is-layout-flex\">\n<div class=\"wp-block-button\"><a class=\"wp-block-button__link wp-element-button\">Mira su hoja de vida<\/a><\/div>\n<\/div>\n<\/div><\/div>\n\n\n<p class=\"has-text-align-center wp-block-site-tagline has-large-font-size\">Medicina veterinaria especializada en enfermedades card\u00edacas y respiratorias<\/p>\n\n\n<div class=\"wp-block-columns is-layout-flex wp-container-core-columns-layout-1 wp-block-columns-is-layout-flex\">\n<div class=\"wp-block-column is-vertically-aligned-center has-background-background-color has-background is-layout-flow wp-block-column-is-layout-flow\">\n<figure class=\"wp-block-image aligncenter size-large is-resized\"><img decoding=\"async\" src=\"https:\/\/upload.wikimedia.org\/wikipedia\/commons\/thumb\/9\/9f\/UNAL_Aplicaci%C3%B3n_Bogot%C3%A1.svg\/1280px-UNAL_Aplicaci%C3%B3n_Bogot%C3%A1.svg.png\" alt=\"Logo Universidad Nacional de Colombia\" style=\"width:289px;height:127px\"\/><figcaption class=\"wp-element-caption\">Universidad en la que el Dr., realiz\u00f3 sus estudios de pregrado.<\/figcaption><\/figure>\n<\/div>\n\n\n\n<div class=\"wp-block-column is-layout-flow wp-block-column-is-layout-flow\">\n<figure class=\"wp-block-image aligncenter size-large is-resized\"><img decoding=\"async\" src=\"https:\/\/www.osu.edu\/images\/osu-logo-stacked.svg\" alt=\"Logo The Ohio State University\" style=\"width:171px;height:132px\"\/><figcaption class=\"wp-element-caption\">Universidad en la que el Dr. Pedro Vargas, realiz\u00f3 sus estudios de maestr\u00eda y doctorado.<\/figcaption><\/figure>\n<\/div>\n<\/div>\n\n\n\n<hr class=\"wp-block-separator has-alpha-channel-opacity\"\/>\n\n\n\n<h3 class=\"wp-block-heading has-text-align-center has-large-font-size\">Ingresa al perfil acad\u00e9mico de nuestro Doctor Pedro.<\/h3>\n\n\n\n<figure class=\"wp-block-image aligncenter size-large is-resized\"><img decoding=\"async\" src=\"https:\/\/scholar.google.com\/intl\/es\/scholar\/images\/1x\/scholar_logo_64dp.png\" alt=\"Logo Google Acad\u00e9mic\" style=\"width:170px;height:23px\"\/><\/figure>\n\n\n\n<div class=\"wp-block-group is-layout-constrained wp-block-group-is-layout-constrained\">\n<div class=\"wp-block-buttons is-content-justification-center is-layout-flex wp-container-core-buttons-layout-3 wp-block-buttons-is-layout-flex\">\n<div class=\"wp-block-button\"><a class=\"wp-block-button__link has-vivid-cyan-blue-background-color has-background wp-element-button\" href=\"https:\/\/scholar.google.com\/citations?pli=1&amp;authuser=1&amp;user=fit0NTMAAAAJ\">Publicaciones cient\u00edficas<\/a><\/div>\n<\/div>\n<\/div>\n\n\n\n<hr class=\"wp-block-separator has-alpha-channel-opacity\"\/>\n\n\n\n<div class=\"wp-block-cover alignwide is-light is-repeated\" style=\"min-height:450px\"><span aria-hidden=\"true\" class=\"wp-block-cover__background has-background-dim-0 has-background-dim\"><\/span><div role=\"img\" class=\"wp-block-cover__image-background wp-image-62 is-repeated\" style=\"background-position:51% 58%;background-image:url(https:\/\/vetcorcolombia.com\/wp-content\/uploads\/2023\/01\/IMG-20221231-WA0019.jpg)\"><\/div><div class=\"wp-block-cover__inner-container is-layout-flow wp-block-cover-is-layout-flow\">\n<div style=\"height:210px\" aria-hidden=\"true\" class=\"wp-block-spacer\"><\/div>\n\n\n\n<figure class=\"wp-block-image size-full is-resized\"><img loading=\"lazy\" decoding=\"async\" width=\"857\" height=\"485\" src=\"https:\/\/vetcorcolombia.com\/wp-content\/uploads\/2024\/01\/VetcorCardblanco.png\" alt=\"\" class=\"wp-image-170\" style=\"width:177px;height:100px\" srcset=\"https:\/\/vetcorcolombia.com\/wp-content\/uploads\/2024\/01\/VetcorCardblanco.png 857w, https:\/\/vetcorcolombia.com\/wp-content\/uploads\/2024\/01\/VetcorCardblanco-300x170.png 300w, https:\/\/vetcorcolombia.com\/wp-content\/uploads\/2024\/01\/VetcorCardblanco-768x435.png 768w\" sizes=\"(max-width: 857px) 100vw, 857px\" \/><\/figure>\n\n\n\n<p class=\"has-text-align-center has-background-color has-text-color has-background has-small-font-size\" style=\"background-color:#ffffff96\">Aunque atendemos a <strong>todas las razas de perros y gatos<\/strong>, hemos desarrollado una <strong>experiencia especializada<\/strong> en el diagn\u00f3stico y tratamiento de <strong>enfermedades cardiovasculares en razas braquicef\u00e1licas<\/strong>, como <strong>pugs, bulldogs, shih-tzus y otras razas de hocico corto<\/strong>. Nuestro conocimiento avanzado en las particularidades de su sistema cardiovascular nos permite brindarles <strong>una atenci\u00f3n precisa y adaptada a sus necesidades<\/strong>.<\/p>\n\n\n\n<div class=\"wp-block-buttons is-content-justification-center is-layout-flex wp-container-core-buttons-layout-4 wp-block-buttons-is-layout-flex\">\n<div class=\"wp-block-button\"><a class=\"wp-block-button__link has-vivid-cyan-blue-background-color has-background wp-element-button\" href=\"https:\/\/www.sciencedirect.com\/science\/article\/abs\/pii\/S1056871916001210\">Un ejemplo de esto<\/a><\/div>\n<\/div>\n<\/div><\/div>\n","protected":false},"excerpt":{"rendered":"<p>\u00bfEn manos de qui\u00e9n pondremos los corazones de nuestras mascotas? \u2764\ufe0f La salud cardiovascular de nuestros compa\u00f1eros de vida merece la mejor atenci\u00f3n. El Dr. Pedro Vargas, m\u00e9dico veterinario egresado de la Universidad Nacional de Colombia, es un especialista apasionado por la cardiolog\u00eda veterinaria. En 2007 inici\u00f3 sus estudios de Maestr\u00eda y Doctorado (Ph.D.) en [&hellip;]<\/p>\n","protected":false},"author":1,"featured_media":0,"parent":0,"menu_order":0,"comment_status":"closed","ping_status":"closed","template":"","meta":{"footnotes":""},"_links":{"self":[{"href":"https:\/\/vetcorcolombia.com\/index.php\/wp-json\/wp\/v2\/pages\/217"}],"collection":[{"href":"https:\/\/vetcorcolombia.com\/index.php\/wp-json\/wp\/v2\/pages"}],"about":[{"href":"https:\/\/vetcorcolombia.com\/index.php\/wp-json\/wp\/v2\/types\/page"}],"author":[{"embeddable":true,"href":"https:\/\/vetcorcolombia.com\/index.php\/wp-json\/wp\/v2\/users\/1"}],"replies":[{"embeddable":true,"href":"https:\/\/vetcorcolombia.com\/index.php\/wp-json\/wp\/v2\/comments?post=217"}],"version-history":[{"count":24,"href":"https:\/\/vetcorcolombia.com\/index.php\/wp-json\/wp\/v2\/pages\/217\/revisions"}],"predecessor-version":[{"id":392,"href":"https:\/\/vetcorcolombia.com\/index.php\/wp-json\/wp\/v2\/pages\/217\/revisions\/392"}],"wp:attachment":[{"href":"https:\/\/vetcorcolombia.com\/index.php\/wp-json\/wp\/v2\/media?parent=217"}],"curies":[{"name":"wp","href":"https:\/\/api.w.org\/{rel}","templated":true}]}}